{"id":1252,"date":"2015-08-18T07:50:41","date_gmt":"2015-08-18T07:50:41","guid":{"rendered":"http:\/\/healthcoach.stylemixthemes.com\/demo\/?page_id=1252"},"modified":"2022-02-19T19:25:14","modified_gmt":"2022-02-19T19:25:14","slug":"home-2-2","status":"publish","type":"page","link":"https:\/\/jorgeblascoentrenador.com\/","title":{"rendered":"Home"},"content":{"rendered":"<p>[vc_row css=\u00bb.vc_custom_1439999000631{margin-bottom: 0px !important;}\u00bb][vc_column][rev_slider_vc alias=\u00bbhome_slider\u00bb][\/vc_column][\/vc_row][vc_row full_width=\u00bbstretch_row\u00bb show_bump=\u00bbtrue\u00bb bump_color=\u00bb#ffffff\u00bb css=\u00bb.vc_custom_1441889737077{margin-bottom: 0px !important;padding-top: 38px !important;padding-bottom: 83px !important;}\u00bb][vc_column][vc_custom_heading text=\u00bbOpci\u00f3n 100% on line, mixta o presencial, para que todo te sea m\u00e1s f\u00e1cil y est\u00e9 totalmente adaptado a tu agenda profesional y personal.\u00bb font_container=\u00bbtag:h4|text_align:center\u00bb google_fonts=\u00bbfont_family:Open%20Sans%3A300%2C300italic%2Cregular%2Citalic%2C600%2C600italic%2C700%2C700italic%2C800%2C800italic|font_style:400%20regular%3A400%3Anormal\u00bb sep_type=\u00bbimage\u00bb sep_position=\u00bbbottom\u00bb sep_aligment=\u00bbcenter\u00bb icon_aligment=\u00bbcenter\u00bb icon=\u00bb\u00bb icon_class=\u00bbhc-icon-smile\u00bb css=\u00bb.vc_custom_1634888787250{margin-bottom: 36px !important;}\u00bb sep_spacing_top=\u00bb14px\u00bb][vc_custom_heading text=\u00bbPorque si no mejoras, empeoras.<\/p>\n<p>La ciencia y la experiencia al servicio de tu rendimiento deportivo y tu salud.<\/p>\n<p>Un entrenamiento adaptado a tu nivel y necesidades personales.<br \/>\n\u00bb font_container=\u00bbtag:h2|font_size:25|text_align:center\u00bb google_fonts=\u00bbfont_family:Open%20Sans%3A300%2C300italic%2Cregular%2Citalic%2C600%2C600italic%2C700%2C700italic%2C800%2C800italic|font_style:300%20light%20italic%3A300%3Aitalic\u00bb][vc_custom_heading text=\u00bbTe doy todos los motivos para que no te quepan excusas:\u00bb font_container=\u00bbtag:h2|text_align:center|color:%230a56b3&#8243; use_theme_fonts=\u00bbyes\u00bb sep_position=\u00bbbottom\u00bb sep_aligment=\u00bbcenter\u00bb icon_aligment=\u00bbcenter\u00bb icon=\u00bb\u00bb icon_class=\u00bbhc-icon-smile\u00bb icon_size=\u00bb17px\u00bb icon_hc=\u00bbhc-icon-smile\u00bb css=\u00bb.vc_custom_1634888856346{margin-bottom: 36px !important;}\u00bb sep_spacing_top=\u00bb14px\u00bb][vc_row_inner css=\u00bb.vc_custom_1441889573508{margin-bottom: 29px !important;}\u00bb][vc_column_inner width=\u00bb1\/2&#8243; offset=\u00bbvc_col-lg-3 vc_col-md-3 vc_col-xs-12&#8243;][hc_info_box info_box_type=\u00bbboxed-2&#8243; title=\u00bbPlan personalizado\u00bb icon_hc=\u00bbhc-icon-checked\u00bb icon_size=\u00bb42px\u00bb box_height=\u00bb230px\u00bb css=\u00bb.vc_custom_1634899232946{margin-bottom: 30px !important;}\u00bb]Plan de entrenamiento online personalizado. A trav\u00e9s de <a href=\"https:\/\/www.youtube.com\/watch?v=9Nb6-xCiPDk\">Trainerize<\/a>, la mejor App del mercado para seguir tu plan de fuerza.[\/hc_info_box][\/vc_column_inner][vc_column_inner width=\u00bb1\/2&#8243; offset=\u00bbvc_col-lg-3 vc_col-md-3 vc_col-xs-12&#8243;][hc_info_box info_box_type=\u00bbboxed-2&#8243; title=\u00bbSesiones espec\u00edficas y dise\u00f1adas para t\u00ed.\u00bb icon_hc=\u00bbhc-icon-shoes\u00bb icon_size=\u00bb60px\u00bb box_height=\u00bb230px\u00bb css=\u00bb.vc_custom_1645278356263{margin-bottom: 30px !important;}\u00bb]En funci\u00f3n de tus objetivo, nivel y disponibilidad. An\u00e1lisis de cada contexto y las mejores opciones para tener \u00e9xito en tus prop\u00f3sitos.[\/hc_info_box][\/vc_column_inner][vc_column_inner width=\u00bb1\/2&#8243; offset=\u00bbvc_col-lg-3 vc_col-md-3 vc_col-xs-12&#8243;][hc_info_box info_box_type=\u00bbboxed-2&#8243; title=\u00bb\u00bfD\u00f3nde entrenar?\u00bb icon_size=\u00bb54px\u00bb box_height=\u00bb230px\u00bb css=\u00bb.vc_custom_1645278162914{margin-bottom: 30px !important;}\u00bb icon_hc=\u00bbhc-icon-treadmil\u00bb]En tu gimnasio, en tu casa o en nuestro centro de entrenamiento de <a href=\"https:\/\/goo.gl\/maps\/DEh4MgJHxwjQDTLBA\">Alcobendas<\/a>[\/hc_info_box][\/vc_column_inner][vc_column_inner width=\u00bb1\/2&#8243; offset=\u00bbvc_col-lg-3 vc_col-md-3 vc_col-xs-12&#8243;][hc_info_box info_box_type=\u00bbboxed-2&#8243; title=\u00bbSeguimiento del plan.\u00bb icon_hc=\u00bbhc-icon-headphones\u00bb icon_size=\u00bb62px\u00bb box_height=\u00bb230px\u00bb css=\u00bb.vc_custom_1645278448814{margin-bottom: 30px !important;}\u00bb]Contacto on line o sesiones de evaluaci\u00f3n presencial para valorar la evoluci\u00f3n y la consecuci\u00f3n de los resultados.[\/hc_info_box][\/vc_column_inner][\/vc_row_inner][\/vc_column][\/vc_row][vc_row full_width=\u00bbstretch_row\u00bb show_bump=\u00bbtrue\u00bb css=\u00bb.vc_custom_1441803726872{margin-bottom: 0px !important;padding-top: 38px !important;padding-bottom: 49px !important;background-color: #f5f4f3 !important;}\u00bb bump_color=\u00bb#f5f4f3&#8243;][vc_column][vc_custom_heading text=\u00bbPACKS DE VENTA JORGE BLASCO ENTRENADOR\u00bb font_container=\u00bbtag:h3|text_align:center\u00bb use_theme_fonts=\u00bbyes\u00bb sep_position=\u00bbbottom\u00bb sep_aligment=\u00bbcenter\u00bb icon_aligment=\u00bbcenter\u00bb icon=\u00bb\u00bb icon_class=\u00bbhc-icon-smile\u00bb icon_size=\u00bb17px\u00bb icon_hc=\u00bbhc-icon-smile\u00bb css=\u00bb.vc_custom_1620770146868{margin-bottom: 36px !important;}\u00bb link=\u00bburl:https%3A%2F%2Fjorgeblascoentrenador.com%2Findex.php%2Fpacks-entrenamiento%2F|title:Packs%20entrenamiento\u00bb sep_spacing_top=\u00bb14px\u00bb][stm_services cols=\u00bb3&#8243; category=\u00bb0&#8243; pagination_enable=\u00bbtrue\u00bb][\/vc_column][\/vc_row][vc_row show_bump=\u00bbtrue\u00bb css=\u00bb.vc_custom_1440133626662{margin-bottom: 0px !important;padding-top: 38px !important;padding-bottom: 20px !important;}\u00bb bump_color=\u00bb#ffffff\u00bb][vc_column][vc_custom_heading text=\u00bbNoticias y art\u00edculos\u00bb font_container=\u00bbtag:h3|text_align:center\u00bb use_theme_fonts=\u00bbyes\u00bb sep_position=\u00bbbottom\u00bb sep_aligment=\u00bbcenter\u00bb icon_hc=\u00bbhc-icon-smile\u00bb icon_size=\u00bb17px\u00bb css=\u00bb.vc_custom_1620765420025{margin-bottom: 54px !important;}\u00bb link=\u00bburl:http%3A%2F%2Fhealthcoach.stylemixthemes.com\/demo%2Fblog%2F||\u00bb sep_spacing_top=\u00bb14px\u00bb][stm_recent_posts columns_per_row=\u00bb3&#8243; posts_format=\u00bb0&#8243; posts_category=\u00bb0&#8243; posts_count=\u00bb3&#8243;][\/vc_column][\/vc_row]<\/p>\n","protected":false},"excerpt":{"rendered":"<p>[vc_row css=\u00bb.vc_custom_1439999000631{margin-bottom: 0px !important;}\u00bb][vc_column][rev_slider_vc alias=\u00bbhome_slider\u00bb][\/vc_column][\/vc_row][vc_row full_width=\u00bbstretch_row\u00bb show_bump=\u00bbtrue\u00bb bump_color=\u00bb#ffffff\u00bb css=\u00bb.vc_custom_1441889737077{margin-bottom: 0px !important;padding-top: 38px !important;padding-bottom: 83px !important;}\u00bb][vc_column][vc_custom_heading&#8230;<\/p>\n","protected":false},"author":1,"featured_media":0,"parent":0,"menu_order":0,"comment_status":"closed","ping_status":"closed","template":"","meta":{"spay_email":""},"yoast_head":"<!-- This site is optimized with the Yoast SEO plugin v20.6 - https:\/\/yoast.com\/wordpress\/plugins\/seo\/ -->\n<title>Jorge Blasco, entrenador personal en Madrid - jorgeblasco<\/title>\n<meta name=\"description\" content=\"Soy Jorge Blasco, tu entrenador personal en Madrid, descubre todo lo que el entrenamiento de fuerza aporta a tu salud, bienestar y calidad de vida.\" \/>\n<meta name=\"robots\" content=\"index, follow, max-snippet:-1, max-image-preview:large, max-video-preview:-1\" \/>\n<link rel=\"canonical\" href=\"https:\/\/jorgeblascoentrenador.com\/\" \/>\n<meta property=\"og:locale\" content=\"es_ES\" \/>\n<meta property=\"og:type\" content=\"article\" \/>\n<meta property=\"og:title\" content=\"Jorge Blasco, entrenador personal en Madrid - jorgeblasco\" \/>\n<meta property=\"og:description\" content=\"Soy Jorge Blasco, tu entrenador personal en Madrid, descubre todo lo que el entrenamiento de fuerza aporta a tu salud, bienestar y calidad de vida.\" \/>\n<meta property=\"og:url\" content=\"https:\/\/jorgeblascoentrenador.com\/\" \/>\n<meta property=\"og:site_name\" content=\"jorgeblasco\" \/>\n<meta property=\"article:modified_time\" content=\"2022-02-19T19:25:14+00:00\" \/>\n<meta name=\"twitter:card\" content=\"summary_large_image\" \/>\n<meta name=\"twitter:label1\" content=\"Tiempo de lectura\" \/>\n\t<meta name=\"twitter:data1\" content=\"2 minutos\" \/>\n<script type=\"application\/ld+json\" class=\"yoast-schema-graph\">{\"@context\":\"https:\/\/schema.org\",\"@graph\":[{\"@type\":\"WebPage\",\"@id\":\"https:\/\/jorgeblascoentrenador.com\/\",\"url\":\"https:\/\/jorgeblascoentrenador.com\/\",\"name\":\"Jorge Blasco, entrenador personal en Madrid - jorgeblasco\",\"isPartOf\":{\"@id\":\"https:\/\/jorgeblascoentrenador.com\/#website\"},\"datePublished\":\"2015-08-18T07:50:41+00:00\",\"dateModified\":\"2022-02-19T19:25:14+00:00\",\"description\":\"Soy Jorge Blasco, tu entrenador personal en Madrid, descubre todo lo que el entrenamiento de fuerza aporta a tu salud, bienestar y calidad de vida.\",\"breadcrumb\":{\"@id\":\"https:\/\/jorgeblascoentrenador.com\/#breadcrumb\"},\"inLanguage\":\"es\",\"potentialAction\":[{\"@type\":\"ReadAction\",\"target\":[\"https:\/\/jorgeblascoentrenador.com\/\"]}]},{\"@type\":\"BreadcrumbList\",\"@id\":\"https:\/\/jorgeblascoentrenador.com\/#breadcrumb\",\"itemListElement\":[{\"@type\":\"ListItem\",\"position\":1,\"name\":\"Portada\",\"item\":\"https:\/\/jorgeblascoentrenador.com\/\"},{\"@type\":\"ListItem\",\"position\":2,\"name\":\"Home\"}]},{\"@type\":\"WebSite\",\"@id\":\"https:\/\/jorgeblascoentrenador.com\/#website\",\"url\":\"https:\/\/jorgeblascoentrenador.com\/\",\"name\":\"jorgeblasco\",\"description\":\"Entrenador personal\",\"potentialAction\":[{\"@type\":\"SearchAction\",\"target\":{\"@type\":\"EntryPoint\",\"urlTemplate\":\"https:\/\/jorgeblascoentrenador.com\/?s={search_term_string}\"},\"query-input\":\"required name=search_term_string\"}],\"inLanguage\":\"es\"}]}<\/script>\n<!-- \/ Yoast SEO plugin. -->","yoast_head_json":{"title":"Jorge Blasco, entrenador personal en Madrid - jorgeblasco","description":"Soy Jorge Blasco, tu entrenador personal en Madrid, descubre todo lo que el entrenamiento de fuerza aporta a tu salud, bienestar y calidad de vida.","robots":{"index":"index","follow":"follow","max-snippet":"max-snippet:-1","max-image-preview":"max-image-preview:large","max-video-preview":"max-video-preview:-1"},"canonical":"https:\/\/jorgeblascoentrenador.com\/","og_locale":"es_ES","og_type":"article","og_title":"Jorge Blasco, entrenador personal en Madrid - jorgeblasco","og_description":"Soy Jorge Blasco, tu entrenador personal en Madrid, descubre todo lo que el entrenamiento de fuerza aporta a tu salud, bienestar y calidad de vida.","og_url":"https:\/\/jorgeblascoentrenador.com\/","og_site_name":"jorgeblasco","article_modified_time":"2022-02-19T19:25:14+00:00","twitter_card":"summary_large_image","twitter_misc":{"Tiempo de lectura":"2 minutos"},"schema":{"@context":"https:\/\/schema.org","@graph":[{"@type":"WebPage","@id":"https:\/\/jorgeblascoentrenador.com\/","url":"https:\/\/jorgeblascoentrenador.com\/","name":"Jorge Blasco, entrenador personal en Madrid - jorgeblasco","isPartOf":{"@id":"https:\/\/jorgeblascoentrenador.com\/#website"},"datePublished":"2015-08-18T07:50:41+00:00","dateModified":"2022-02-19T19:25:14+00:00","description":"Soy Jorge Blasco, tu entrenador personal en Madrid, descubre todo lo que el entrenamiento de fuerza aporta a tu salud, bienestar y calidad de vida.","breadcrumb":{"@id":"https:\/\/jorgeblascoentrenador.com\/#breadcrumb"},"inLanguage":"es","potentialAction":[{"@type":"ReadAction","target":["https:\/\/jorgeblascoentrenador.com\/"]}]},{"@type":"BreadcrumbList","@id":"https:\/\/jorgeblascoentrenador.com\/#breadcrumb","itemListElement":[{"@type":"ListItem","position":1,"name":"Portada","item":"https:\/\/jorgeblascoentrenador.com\/"},{"@type":"ListItem","position":2,"name":"Home"}]},{"@type":"WebSite","@id":"https:\/\/jorgeblascoentrenador.com\/#website","url":"https:\/\/jorgeblascoentrenador.com\/","name":"jorgeblasco","description":"Entrenador personal","potentialAction":[{"@type":"SearchAction","target":{"@type":"EntryPoint","urlTemplate":"https:\/\/jorgeblascoentrenador.com\/?s={search_term_string}"},"query-input":"required name=search_term_string"}],"inLanguage":"es"}]}},"_links":{"self":[{"href":"https:\/\/jorgeblascoentrenador.com\/index.php\/wp-json\/wp\/v2\/pages\/1252"}],"collection":[{"href":"https:\/\/jorgeblascoentrenador.com\/index.php\/wp-json\/wp\/v2\/pages"}],"about":[{"href":"https:\/\/jorgeblascoentrenador.com\/index.php\/wp-json\/wp\/v2\/types\/page"}],"author":[{"embeddable":true,"href":"https:\/\/jorgeblascoentrenador.com\/index.php\/wp-json\/wp\/v2\/users\/1"}],"replies":[{"embeddable":true,"href":"https:\/\/jorgeblascoentrenador.com\/index.php\/wp-json\/wp\/v2\/comments?post=1252"}],"version-history":[{"count":43,"href":"https:\/\/jorgeblascoentrenador.com\/index.php\/wp-json\/wp\/v2\/pages\/1252\/revisions"}],"predecessor-version":[{"id":2066,"href":"https:\/\/jorgeblascoentrenador.com\/index.php\/wp-json\/wp\/v2\/pages\/1252\/revisions\/2066"}],"wp:attachment":[{"href":"https:\/\/jorgeblascoentrenador.com\/index.php\/wp-json\/wp\/v2\/media?parent=1252"}],"curies":[{"name":"wp","href":"https:\/\/api.w.org\/{rel}","templated":true}]}}