{"id":1839,"date":"2015-06-03T07:06:45","date_gmt":"2015-06-03T07:06:45","guid":{"rendered":"http:\/\/healthcoach.stylemixthemes.com\/demo\/?page_id=6"},"modified":"2024-01-05T09:27:42","modified_gmt":"2024-01-05T09:27:42","slug":"about","status":"publish","type":"page","link":"https:\/\/jorgeblascoentrenador.com\/index.php\/about\/","title":{"rendered":"Jorge Blasco"},"content":{"rendered":"<p>[vc_row show_bump=\u00bbtrue\u00bb css=\u00bb.vc_custom_1442831799648{margin-bottom: 55px !important;}\u00bb][vc_column][vc_single_image image=\u00bb1890&#8243; img_size=\u00bb136&#215;136&#8243; alignment=\u00bbcenter\u00bb style=\u00bbvc_box_border_circle\u00bb border_color=\u00bbwhite\u00bb css=\u00bb.vc_custom_1620900938464{margin-top: -68px !important;margin-bottom: 0px !important;}\u00bb][vc_custom_heading text=\u00bbJorge Blasco\u00bb font_container=\u00bbtag:h2|text_align:center\u00bb use_theme_fonts=\u00bbyes\u00bb sep_position=\u00bbbottom\u00bb css=\u00bb.vc_custom_1620900860863{margin-bottom: 23px !important;}\u00bb icon_hc=\u00bbhc-icon-smile\u00bb icon_size=\u00bb17px\u00bb sep_spacing_top=\u00bb9px\u00bb][vc_column_text css=\u00bb.vc_custom_1620901275361{margin-bottom: 20px !important;}\u00bb]<\/p>\n<p style=\"text-align: center;\">Soy Jorge Blasco, tu entrenador personal<\/p>\n<p>[\/vc_column_text][vc_column_text]Desde peque\u00f1o mi padre, uno de los primeros Licenciados en Educaci\u00f3n F\u00edsica de Espa\u00f1a, me inculc\u00f3 el amor por el deporte y el ejercicio. Seguir sus pasos fue algo natural que me llev\u00f3 al estudio y a la pr\u00e1ctica de todo lo relacionado con el entrenamiento. Como deportista de alto nivel en el mundo del pirag\u00fcismo logr\u00e9 un quinto puesto a nivel mundial en el a\u00f1o 2008. Desde el 2010 fui dejando progresivamente la pr\u00e1ctica del pirag\u00fcismo y centr\u00e1ndome en el mundo del ciclismo.<\/p>\n<p>Profesionalmente mi vocaci\u00f3n siempre fue la de entrenador y nada m\u00e1s terminar mi licenciatura en INEF empec\u00e9 a trabajar en ello. Despu\u00e9s de un a\u00f1o en un peque\u00f1o gimnasio, comenc\u00e9 mi carrera como entrenador personal en el Reebok Sport Club de Madrid. En el a\u00f1o 2010, al dejar mi pr\u00e1ctica deportiva de alto nivel, ampli\u00e9 mi horizonte profesional e inici\u00e9 mi colaboraci\u00f3n con Yago Alcalde en Ciclismo y Rendimiento, web dedicada al entrenamiento on line de ciclistas y deportistas de fondo.<\/p>\n<p>Finalmente, desde el a\u00f1o 2021, decido juntar mi experiencia en el entrenamiento on-line de deportistas de fondo con mi experiencia en el entrenamiento presencial de la fuerza de deportistas de todo tipo. Lanzo Jorgeblascoentrenador. Aqu\u00ed espero darte un servicio totalmente individualizado, adaptado a tus necesidades pero tambi\u00e9n a tus posibilidades. Quiero ayudarte a mejorar tu rendimiento f\u00edsico y con ello, tu calidad de vida. Siempre de la forma m\u00e1s eficiente, eficaz y motivante.<\/p>\n<p>\u00a1Vamos a por ello![\/vc_column_text][\/vc_column][\/vc_row][vc_row show_bump=\u00bbtrue\u00bb css=\u00bb.vc_custom_1442831939222{margin-bottom: 17px !important;}\u00bb][vc_column][stm_image_gallery images_id=\u00bb1056,1052,1058,1048&#8243; images=\u00bb1891,1890&#8243;][\/vc_column][\/vc_row][vc_row css=\u00bb.vc_custom_1440763067642{margin-bottom: 25px !important;}\u00bb][vc_column width=\u00bb1\/2&#8243;][vc_custom_heading text=\u00bbDescubre todo lo que el entrenamiento de fuerza aporta a tu rendimiento deportivo y salud\u00bb font_container=\u00bbtag:h3|text_align:center\u00bb use_theme_fonts=\u00bbyes\u00bb css=\u00bb.vc_custom_1634320203368{margin-bottom: 20px !important;}\u00bb][vc_column_text css=\u00bb.vc_custom_1634319121216{margin-bottom: 30px !important;}\u00bb]<\/p>\n<ul>\n<li><strong>Mejora tus marcas y tus resultados.<\/strong><\/li>\n<li><strong>Evita lesiones y bajones de rendimiento.<\/strong><\/li>\n<li><strong>Mu\u00e9vete con agilidad y sin dolor.<\/strong><\/li>\n<li><strong>Calidad de vida y salud.<\/strong><\/li>\n<li><strong>Desarrolla un cuerpo atl\u00e9tico, fuerte, potente y equilibrado.<\/strong><\/li>\n<\/ul>\n<p>[\/vc_column_text][\/vc_column][vc_column width=\u00bb1\/2&#8243;][vc_custom_heading text=\u00bbTe doy todos los motivos para que no te quepan excusas\u00bb font_container=\u00bbtag:h3|text_align:center\u00bb use_theme_fonts=\u00bbyes\u00bb css=\u00bb.vc_custom_1620906284171{margin-bottom: 20px !important;}\u00bb][vc_column_text css=\u00bb.vc_custom_1634319775697{margin-bottom: 30px !important;}\u00bb]<\/p>\n<ul>\n<li><strong>Plan personalizado:<\/strong> Plan de entrenamiento personalizado.<\/li>\n<li><strong>Rutina de ejercicios:<\/strong> Entrena en gimnasio o casa con una rutina de entrenamiento personalizada para ti.<\/li>\n<li><strong>Sigue tu plan y tus sesiones con tu m\u00f3vil:\u00a0<\/strong>aplicaci\u00f3n espec\u00edfica para el entrenamiento de fuerza <a href=\"https:\/\/file.trainerize.com\/Marketing\/assets\/Videos\/ClientAppOverview\/Client-App-Overview.mp4\">(Trainerize)<\/a>.<\/li>\n<li><strong>Comunicaci\u00f3n permanente para dudas y consultas:\u00a0<\/strong>deja de dudar con cada nuevo anuncio o post de IG y consulta a un profesional con conocimiento, experiencia y sin conflictos de inter\u00e9s. Solo t\u00fa mejora de rendimiento y salud.<\/li>\n<\/ul>\n<p>[\/vc_column_text][\/vc_column][\/vc_row][vc_row full_width=\u00bbstretch_row\u00bb bump_position=\u00bbbottom\u00bb show_bump=\u00bbtrue\u00bb css=\u00bb.vc_custom_1440759514688{margin-bottom: 0px !important;padding-top: 50px !important;padding-bottom: 77px !important;background-color: #f5f4f3 !important;}\u00bb bump_color=\u00bb#f5f4f3&#8243;][vc_column][stm_testimonial text_color=\u00bb#444444&#8243; icon_size=\u00bb35px\u00bb text_font_size=\u00bb40px\u00bb icon_code=\u00bb\u201c\u00bb icon_hc=\u00bbhc-icon-quote\u00bb]<\/p>\n<p style=\"text-align: center;\">M\u00e1s de 21 a\u00f1os de experiencia c\u00f3mo entrenador personal y de rendimiento deportivo (pirag\u00fcismo, ciclismo, carrera, esqu\u00ed, golf, automovilismo, rehabilitaci\u00f3n de lesiones&#8230;)<\/p>\n<p>[\/stm_testimonial][\/vc_column][\/vc_row][vc_row full_width=\u00bbstretch_row\u00bb css=\u00bb.vc_custom_1440747388456{margin-bottom: 0px !important;padding-top: 60px !important;padding-bottom: 60px !important;background-color: #f5f4f3 !important;}\u00bb][vc_column][vc_custom_heading text=\u00bbLicenciado en Ciencias de la Actividad F\u00edsica y el Deporte (N\u00ba Col. 62152)\u00bb font_container=\u00bbtag:h3|text_align:center\u00bb use_theme_fonts=\u00bbyes\u00bb sep_position=\u00bbbottom\u00bb icon_hc=\u00bbhc-icon-smile\u00bb icon_size=\u00bb17px\u00bb sep_spacing_top=\u00bb14px\u00bb css=\u00bb.vc_custom_1634318502681{margin-bottom: 42px !important;}\u00bb][stm_items_carousel category_slug=\u00bb0&#8243; carousel_arrows=\u00bbdisable\u00bb category_id=\u00bb17&#8243; count_posts=\u00bb-1&#8243; css=\u00bb.vc_custom_1634318797352{margin-bottom: 0px !important;}\u00bb][\/vc_column][\/vc_row][vc_row full_width=\u00bbstretch_row\u00bb parallax=\u00bbcontent-moving\u00bb parallax_image=\u00bb1832&#8243; css=\u00bb.vc_custom_1440338092373{padding-top: 63px !important;padding-bottom: 174px !important;}\u00bb][vc_column][vc_custom_heading text=\u00bbContacto\u00bb font_container=\u00bbtag:h3|text_align:center|color:%230a56b3&#8243; use_theme_fonts=\u00bbyes\u00bb sep_aligment=\u00bbcenter\u00bb icon_hc=\u00bbhc-icon-leaf\u00bb icon_size=\u00bb29px\u00bb css=\u00bb.vc_custom_1620909984894{margin-bottom: 14px !important;}\u00bb link=\u00bb||\u00bb icon_color=\u00bb#ffffff\u00bb sep_spacing_bot=\u00bb3px\u00bb][vc_column_text]<\/p>\n<p style=\"text-align: center;\"><span style=\"color: #ffffff;\">It&#8217;s time to take care of your health now! All you need to do is just send us a message via the form below.<\/span><\/p>\n<p>[\/vc_column_text][\/vc_column][\/vc_row][vc_row css=\u00bb.vc_custom_1440396168378{margin-bottom: 0px !important;}\u00bb][vc_column][stm_contact_form7 form_id=\u00bb168&#8243; css=\u00bb.vc_custom_1620921614489{margin-top: -143px !important;padding-top: 38px !important;padding-right: 30px !important;padding-left: 30px !important;background-color: #ffffff !important;}\u00bb container_border_radius=\u00bb9px;9px;0;0&#8243; title=\u00bbContactar con Jorge Blasco\u00bb][\/vc_column][\/vc_row]<\/p>\n","protected":false},"excerpt":{"rendered":"<p>[vc_row show_bump=\u00bbtrue\u00bb css=\u00bb.vc_custom_1442831799648{margin-bottom: 55px !important;}\u00bb][vc_column][vc_single_image image=\u00bb1890&#8243; img_size=\u00bb136&#215;136&#8243; alignment=\u00bbcenter\u00bb style=\u00bbvc_box_border_circle\u00bb border_color=\u00bbwhite\u00bb css=\u00bb.vc_custom_1620900938464{margin-top: -68px !important;margin-bottom: 0px !important;}\u00bb][vc_custom_heading&#8230;<\/p>\n","protected":false},"author":1,"featured_media":0,"parent":0,"menu_order":0,"comment_status":"closed","ping_status":"closed","template":"","meta":{"spay_email":""},"yoast_head":"<!-- This site is optimized with the Yoast SEO plugin v20.6 - https:\/\/yoast.com\/wordpress\/plugins\/seo\/ -->\n<title>Jorge Blasco - jorgeblasco<\/title>\n<meta name=\"robots\" content=\"index, follow, max-snippet:-1, max-image-preview:large, max-video-preview:-1\" \/>\n<link rel=\"canonical\" href=\"https:\/\/jorgeblascoentrenador.com\/index.php\/about\/\" \/>\n<meta property=\"og:locale\" content=\"es_ES\" \/>\n<meta property=\"og:type\" content=\"article\" \/>\n<meta property=\"og:title\" content=\"Jorge Blasco - jorgeblasco\" \/>\n<meta property=\"og:description\" content=\"[vc_row show_bump=\u00bbtrue\u00bb css=\u00bb.vc_custom_1442831799648{margin-bottom: 55px !important;}\u00bb][vc_column][vc_single_image image=\u00bb1890&#8243; img_size=\u00bb136&#215;136&#8243; alignment=\u00bbcenter\u00bb style=\u00bbvc_box_border_circle\u00bb border_color=\u00bbwhite\u00bb css=\u00bb.vc_custom_1620900938464{margin-top: -68px !important;margin-bottom: 0px !important;}\u00bb][vc_custom_heading...\" \/>\n<meta property=\"og:url\" content=\"https:\/\/jorgeblascoentrenador.com\/index.php\/about\/\" \/>\n<meta property=\"og:site_name\" content=\"jorgeblasco\" \/>\n<meta property=\"article:modified_time\" content=\"2024-01-05T09:27:42+00:00\" \/>\n<meta name=\"twitter:card\" content=\"summary_large_image\" \/>\n<meta name=\"twitter:label1\" content=\"Tiempo de lectura\" \/>\n\t<meta name=\"twitter:data1\" content=\"3 minutos\" \/>\n<script type=\"application\/ld+json\" class=\"yoast-schema-graph\">{\"@context\":\"https:\/\/schema.org\",\"@graph\":[{\"@type\":\"WebPage\",\"@id\":\"https:\/\/jorgeblascoentrenador.com\/index.php\/about\/\",\"url\":\"https:\/\/jorgeblascoentrenador.com\/index.php\/about\/\",\"name\":\"Jorge Blasco - jorgeblasco\",\"isPartOf\":{\"@id\":\"https:\/\/jorgeblascoentrenador.com\/#website\"},\"datePublished\":\"2015-06-03T07:06:45+00:00\",\"dateModified\":\"2024-01-05T09:27:42+00:00\",\"breadcrumb\":{\"@id\":\"https:\/\/jorgeblascoentrenador.com\/index.php\/about\/#breadcrumb\"},\"inLanguage\":\"es\",\"potentialAction\":[{\"@type\":\"ReadAction\",\"target\":[\"https:\/\/jorgeblascoentrenador.com\/index.php\/about\/\"]}]},{\"@type\":\"BreadcrumbList\",\"@id\":\"https:\/\/jorgeblascoentrenador.com\/index.php\/about\/#breadcrumb\",\"itemListElement\":[{\"@type\":\"ListItem\",\"position\":1,\"name\":\"Portada\",\"item\":\"https:\/\/jorgeblascoentrenador.com\/\"},{\"@type\":\"ListItem\",\"position\":2,\"name\":\"Jorge Blasco\"}]},{\"@type\":\"WebSite\",\"@id\":\"https:\/\/jorgeblascoentrenador.com\/#website\",\"url\":\"https:\/\/jorgeblascoentrenador.com\/\",\"name\":\"jorgeblasco\",\"description\":\"Entrenador personal\",\"potentialAction\":[{\"@type\":\"SearchAction\",\"target\":{\"@type\":\"EntryPoint\",\"urlTemplate\":\"https:\/\/jorgeblascoentrenador.com\/?s={search_term_string}\"},\"query-input\":\"required name=search_term_string\"}],\"inLanguage\":\"es\"}]}<\/script>\n<!-- \/ Yoast SEO plugin. -->","yoast_head_json":{"title":"Jorge Blasco - jorgeblasco","robots":{"index":"index","follow":"follow","max-snippet":"max-snippet:-1","max-image-preview":"max-image-preview:large","max-video-preview":"max-video-preview:-1"},"canonical":"https:\/\/jorgeblascoentrenador.com\/index.php\/about\/","og_locale":"es_ES","og_type":"article","og_title":"Jorge Blasco - jorgeblasco","og_description":"[vc_row show_bump=\u00bbtrue\u00bb css=\u00bb.vc_custom_1442831799648{margin-bottom: 55px !important;}\u00bb][vc_column][vc_single_image image=\u00bb1890&#8243; img_size=\u00bb136&#215;136&#8243; alignment=\u00bbcenter\u00bb style=\u00bbvc_box_border_circle\u00bb border_color=\u00bbwhite\u00bb css=\u00bb.vc_custom_1620900938464{margin-top: -68px !important;margin-bottom: 0px !important;}\u00bb][vc_custom_heading...","og_url":"https:\/\/jorgeblascoentrenador.com\/index.php\/about\/","og_site_name":"jorgeblasco","article_modified_time":"2024-01-05T09:27:42+00:00","twitter_card":"summary_large_image","twitter_misc":{"Tiempo de lectura":"3 minutos"},"schema":{"@context":"https:\/\/schema.org","@graph":[{"@type":"WebPage","@id":"https:\/\/jorgeblascoentrenador.com\/index.php\/about\/","url":"https:\/\/jorgeblascoentrenador.com\/index.php\/about\/","name":"Jorge Blasco - jorgeblasco","isPartOf":{"@id":"https:\/\/jorgeblascoentrenador.com\/#website"},"datePublished":"2015-06-03T07:06:45+00:00","dateModified":"2024-01-05T09:27:42+00:00","breadcrumb":{"@id":"https:\/\/jorgeblascoentrenador.com\/index.php\/about\/#breadcrumb"},"inLanguage":"es","potentialAction":[{"@type":"ReadAction","target":["https:\/\/jorgeblascoentrenador.com\/index.php\/about\/"]}]},{"@type":"BreadcrumbList","@id":"https:\/\/jorgeblascoentrenador.com\/index.php\/about\/#breadcrumb","itemListElement":[{"@type":"ListItem","position":1,"name":"Portada","item":"https:\/\/jorgeblascoentrenador.com\/"},{"@type":"ListItem","position":2,"name":"Jorge Blasco"}]},{"@type":"WebSite","@id":"https:\/\/jorgeblascoentrenador.com\/#website","url":"https:\/\/jorgeblascoentrenador.com\/","name":"jorgeblasco","description":"Entrenador personal","potentialAction":[{"@type":"SearchAction","target":{"@type":"EntryPoint","urlTemplate":"https:\/\/jorgeblascoentrenador.com\/?s={search_term_string}"},"query-input":"required name=search_term_string"}],"inLanguage":"es"}]}},"_links":{"self":[{"href":"https:\/\/jorgeblascoentrenador.com\/index.php\/wp-json\/wp\/v2\/pages\/1839"}],"collection":[{"href":"https:\/\/jorgeblascoentrenador.com\/index.php\/wp-json\/wp\/v2\/pages"}],"about":[{"href":"https:\/\/jorgeblascoentrenador.com\/index.php\/wp-json\/wp\/v2\/types\/page"}],"author":[{"embeddable":true,"href":"https:\/\/jorgeblascoentrenador.com\/index.php\/wp-json\/wp\/v2\/users\/1"}],"replies":[{"embeddable":true,"href":"https:\/\/jorgeblascoentrenador.com\/index.php\/wp-json\/wp\/v2\/comments?post=1839"}],"version-history":[{"count":31,"href":"https:\/\/jorgeblascoentrenador.com\/index.php\/wp-json\/wp\/v2\/pages\/1839\/revisions"}],"predecessor-version":[{"id":2087,"href":"https:\/\/jorgeblascoentrenador.com\/index.php\/wp-json\/wp\/v2\/pages\/1839\/revisions\/2087"}],"wp:attachment":[{"href":"https:\/\/jorgeblascoentrenador.com\/index.php\/wp-json\/wp\/v2\/media?parent=1839"}],"curies":[{"name":"wp","href":"https:\/\/api.w.org\/{rel}","templated":true}]}}